{"id":1011,"date":"2022-09-27T16:44:49","date_gmt":"2022-09-27T14:44:49","guid":{"rendered":"https:\/\/raportfuture.pl\/?page_id=1011"},"modified":"2022-09-27T16:48:53","modified_gmt":"2022-09-27T14:48:53","slug":"podziekowanie-za-zapis-2020","status":"publish","type":"page","link":"https:\/\/raportfuture.pl\/en\/raport-future-2020\/podziekowanie-za-zapis-2020\/","title":{"rendered":"Podzi\u0119kowanie za zapis 2020"},"content":{"rendered":"<div data-elementor-type=\"wp-page\" data-elementor-id=\"1011\" class=\"elementor elementor-1011\">\n\t\t\t\t\t\t\t\t\t<section data-particle_enable=\"false\" data-particle-mobile-disabled=\"false\" class=\"elementor-section elementor-top-section elementor-element elementor-element-6174f649 elementor-section-content-middle elementor-section-height-full elementor-section-boxed elementor-section-height-default elementor-section-items-middle\" data-id=\"6174f649\" data-element_type=\"section\" id=\"raport-2022-23\">\n\t\t\t\t\t\t<div class=\"elementor-container elementor-column-gap-default\">\n\t\t\t\t\t<div class=\"elementor-column elementor-col-50 elementor-top-column elementor-element elementor-element-2682abd6\" data-id=\"2682abd6\" data-element_type=\"column\">\n\t\t\t<div class=\"elementor-widget-wrap elementor-element-populated\">\n\t\t\t\t\t\t\t\t<div class=\"elementor-element elementor-element-7db9fb2b elementor-widget elementor-widget-image\" data-id=\"7db9fb2b\" data-element_type=\"widget\" data-widget_type=\"image.default\">\n\t\t\t\t<div class=\"elementor-widget-container\">\n\t\t\t<style>\/*! elementor - v3.7.2 - 21-08-2022 *\/\n.elementor-widget-image{text-align:center}.elementor-widget-image a{display:inline-block}.elementor-widget-image a img[src$=\".svg\"]{width:48px}.elementor-widget-image img{vertical-align:middle;display:inline-block}<\/style>\t\t\t\t\t\t\t\t\t\t\t\t<img loading=\"lazy\" decoding=\"async\" width=\"539\" height=\"1024\" src=\"https:\/\/raportfuture.pl\/wp-content\/uploads\/2022\/08\/raport-future-2020-539x1024.png\" class=\"attachment-large size-large\" alt=\"\" srcset=\"https:\/\/raportfuture.pl\/wp-content\/uploads\/2022\/08\/raport-future-2020-539x1024.png 539w, https:\/\/raportfuture.pl\/wp-content\/uploads\/2022\/08\/raport-future-2020-158x300.png 158w, https:\/\/raportfuture.pl\/wp-content\/uploads\/2022\/08\/raport-future-2020-768x1458.png 768w, https:\/\/raportfuture.pl\/wp-content\/uploads\/2022\/08\/raport-future-2020-809x1536.png 809w, https:\/\/raportfuture.pl\/wp-content\/uploads\/2022\/08\/raport-future-2020-1079x2048.png 1079w, https:\/\/raportfuture.pl\/wp-content\/uploads\/2022\/08\/raport-future-2020.png 1280w\" sizes=\"auto, (max-width: 539px) 100vw, 539px\" \/>\t\t\t\t\t\t\t\t\t\t\t\t\t\t\t<\/div>\n\t\t\t\t<\/div>\n\t\t\t\t\t<\/div>\n\t\t<\/div>\n\t\t\t\t<div class=\"elementor-column elementor-col-50 elementor-top-column elementor-element elementor-element-1c49d581\" data-id=\"1c49d581\" data-element_type=\"column\">\n\t\t\t<div class=\"elementor-widget-wrap elementor-element-populated\">\n\t\t\t\t\t\t\t\t<div class=\"elementor-element elementor-element-61fecf61 animated-slow elementor-invisible elementor-widget elementor-widget-text-editor\" data-id=\"61fecf61\" data-element_type=\"widget\" data-settings=\"{&quot;_animation&quot;:&quot;fadeInUp&quot;,&quot;_animation_delay&quot;:700}\" data-widget_type=\"text-editor.default\">\n\t\t\t\t<div class=\"elementor-widget-container\">\n\t\t\t<style>\/*! elementor - v3.7.2 - 21-08-2022 *\/\n.elementor-widget-text-editor.elementor-drop-cap-view-stacked .elementor-drop-cap{background-color:#818a91;color:#fff}.elementor-widget-text-editor.elementor-drop-cap-view-framed .elementor-drop-cap{color:#818a91;border:3px solid;background-color:transparent}.elementor-widget-text-editor:not(.elementor-drop-cap-view-default) .elementor-drop-cap{margin-top:8px}.elementor-widget-text-editor:not(.elementor-drop-cap-view-default) .elementor-drop-cap-letter{width:1em;height:1em}.elementor-widget-text-editor .elementor-drop-cap{float:left;text-align:center;line-height:1;font-size:50px}.elementor-widget-text-editor .elementor-drop-cap-letter{display:inline-block}<\/style>\t\t\t\t\t\t\t\t\t\t<\/div>\n\t\t\t\t<\/div>\n\t\t\t\t<div class=\"elementor-element elementor-element-6d5dfa50 animated-slow elementor-invisible elementor-widget elementor-widget-heading\" data-id=\"6d5dfa50\" data-element_type=\"widget\" data-settings=\"{&quot;_animation&quot;:&quot;fadeInDown&quot;}\" data-widget_type=\"heading.default\">\n\t\t\t\t<div class=\"elementor-widget-container\">\n\t\t\t<style>\/*! elementor - v3.7.2 - 21-08-2022 *\/\n.elementor-heading-title{padding:0;margin:0;line-height:1}.elementor-widget-heading .elementor-heading-title[class*=elementor-size-]>a{color:inherit;font-size:inherit;line-height:inherit}.elementor-widget-heading .elementor-heading-title.elementor-size-small{font-size:15px}.elementor-widget-heading .elementor-heading-title.elementor-size-medium{font-size:19px}.elementor-widget-heading .elementor-heading-title.elementor-size-large{font-size:29px}.elementor-widget-heading .elementor-heading-title.elementor-size-xl{font-size:39px}.elementor-widget-heading .elementor-heading-title.elementor-size-xxl{font-size:59px}<\/style><h2 class=\"elementor-heading-title elementor-size-default\">Dzi\u0119kuj\u0119!<\/h2>\t\t<\/div>\n\t\t\t\t<\/div>\n\t\t\t\t<div class=\"elementor-element elementor-element-dff451b animated-slow elementor-invisible elementor-widget elementor-widget-text-editor\" data-id=\"dff451b\" data-element_type=\"widget\" data-settings=\"{&quot;_animation&quot;:&quot;fadeInUp&quot;,&quot;_animation_delay&quot;:700}\" data-widget_type=\"text-editor.default\">\n\t\t\t\t<div class=\"elementor-widget-container\">\n\t\t\t\t\t\t\t<p>Dzi\u0119kuj\u0119 Ci za zapis na list\u0119 ch\u0119tnych\u00a0<span style=\"font-style: inherit; font-weight: inherit; background-color: rgba(255, 255, 255, 0); color: var( --e-global-color-secondary );\">do pobrania konspektu Raportu FUTURE 2020<\/span><\/p>\t\t\t\t\t\t<\/div>\n\t\t\t\t<\/div>\n\t\t\t\t<div class=\"elementor-element elementor-element-26fd06a8 animated-slow elementor-invisible elementor-widget elementor-widget-text-editor\" data-id=\"26fd06a8\" data-element_type=\"widget\" data-settings=\"{&quot;_animation&quot;:&quot;fadeInUp&quot;,&quot;_animation_delay&quot;:700}\" data-widget_type=\"text-editor.default\">\n\t\t\t\t<div class=\"elementor-widget-container\">\n\t\t\t\t\t\t\t<p>Aby mail z Raportem na pewno do Ciebie dotar\u0142,<br>dodaj: m\u00f3j adres e-mail kasia@syrowka.com do kontakt\u00f3w<br>lub zaufanych adres\u00f3w w swojej skrzynce mailowej.<\/p>\n<p><b>B\u0105d\u017a na bie\u017c\u0105co<\/b>, \u015bled\u017a mnie w social media:<\/p>\t\t\t\t\t\t<\/div>\n\t\t\t\t<\/div>\n\t\t\t\t<div class=\"elementor-element elementor-element-7ceca5a elementor-shape-circle e-grid-align-left animated-slow elementor-grid-0 elementor-invisible elementor-widget elementor-widget-social-icons\" data-id=\"7ceca5a\" data-element_type=\"widget\" data-settings=\"{&quot;_animation&quot;:&quot;fadeInUp&quot;}\" data-widget_type=\"social-icons.default\">\n\t\t\t\t<div class=\"elementor-widget-container\">\n\t\t\t<style>\/*! elementor - v3.7.2 - 21-08-2022 *\/\n.elementor-widget-social-icons.elementor-grid-0 .elementor-widget-container,.elementor-widget-social-icons.elementor-grid-mobile-0 .elementor-widget-container,.elementor-widget-social-icons.elementor-grid-tablet-0 .elementor-widget-container{line-height:1;font-size:0}.elementor-widget-social-icons:not(.elementor-grid-0):not(.elementor-grid-tablet-0):not(.elementor-grid-mobile-0) .elementor-grid{display:inline-grid}.elementor-widget-social-icons .elementor-grid{grid-column-gap:var(--grid-column-gap,5px);grid-row-gap:var(--grid-row-gap,5px);grid-template-columns:var(--grid-template-columns);-webkit-box-pack:var(--justify-content,center);-ms-flex-pack:var(--justify-content,center);justify-content:var(--justify-content,center);justify-items:var(--justify-content,center)}.elementor-icon.elementor-social-icon{font-size:var(--icon-size,25px);line-height:var(--icon-size,25px);width:calc(var(--icon-size, 25px) + (2 * var(--icon-padding, .5em)));height:calc(var(--icon-size, 25px) + (2 * var(--icon-padding, .5em)))}.elementor-social-icon{--e-social-icon-icon-color:#fff;display:-webkit-inline-box;display:-ms-inline-flexbox;display:inline-flex;background-color:#818a91;-webkit-box-align:center;-ms-flex-align:center;align-items:center;-webkit-box-pack:center;-ms-flex-pack:center;justify-content:center;text-align:center;cursor:pointer}.elementor-social-icon i{color:var(--e-social-icon-icon-color)}.elementor-social-icon svg{fill:var(--e-social-icon-icon-color)}.elementor-social-icon:last-child{margin:0}.elementor-social-icon:hover{opacity:.9;color:#fff}.elementor-social-icon-android{background-color:#a4c639}.elementor-social-icon-apple{background-color:#999}.elementor-social-icon-behance{background-color:#1769ff}.elementor-social-icon-bitbucket{background-color:#205081}.elementor-social-icon-codepen{background-color:#000}.elementor-social-icon-delicious{background-color:#39f}.elementor-social-icon-deviantart{background-color:#05cc47}.elementor-social-icon-digg{background-color:#005be2}.elementor-social-icon-dribbble{background-color:#ea4c89}.elementor-social-icon-elementor{background-color:#d30c5c}.elementor-social-icon-envelope{background-color:#ea4335}.elementor-social-icon-facebook,.elementor-social-icon-facebook-f{background-color:#3b5998}.elementor-social-icon-flickr{background-color:#0063dc}.elementor-social-icon-foursquare{background-color:#2d5be3}.elementor-social-icon-free-code-camp,.elementor-social-icon-freecodecamp{background-color:#006400}.elementor-social-icon-github{background-color:#333}.elementor-social-icon-gitlab{background-color:#e24329}.elementor-social-icon-globe{background-color:#818a91}.elementor-social-icon-google-plus,.elementor-social-icon-google-plus-g{background-color:#dd4b39}.elementor-social-icon-houzz{background-color:#7ac142}.elementor-social-icon-instagram{background-color:#262626}.elementor-social-icon-jsfiddle{background-color:#487aa2}.elementor-social-icon-link{background-color:#818a91}.elementor-social-icon-linkedin,.elementor-social-icon-linkedin-in{background-color:#0077b5}.elementor-social-icon-medium{background-color:#00ab6b}.elementor-social-icon-meetup{background-color:#ec1c40}.elementor-social-icon-mixcloud{background-color:#273a4b}.elementor-social-icon-odnoklassniki{background-color:#f4731c}.elementor-social-icon-pinterest{background-color:#bd081c}.elementor-social-icon-product-hunt{background-color:#da552f}.elementor-social-icon-reddit{background-color:#ff4500}.elementor-social-icon-rss{background-color:#f26522}.elementor-social-icon-shopping-cart{background-color:#4caf50}.elementor-social-icon-skype{background-color:#00aff0}.elementor-social-icon-slideshare{background-color:#0077b5}.elementor-social-icon-snapchat{background-color:#fffc00}.elementor-social-icon-soundcloud{background-color:#f80}.elementor-social-icon-spotify{background-color:#2ebd59}.elementor-social-icon-stack-overflow{background-color:#fe7a15}.elementor-social-icon-steam{background-color:#00adee}.elementor-social-icon-stumbleupon{background-color:#eb4924}.elementor-social-icon-telegram{background-color:#2ca5e0}.elementor-social-icon-thumb-tack{background-color:#1aa1d8}.elementor-social-icon-tripadvisor{background-color:#589442}.elementor-social-icon-tumblr{background-color:#35465c}.elementor-social-icon-twitch{background-color:#6441a5}.elementor-social-icon-twitter{background-color:#1da1f2}.elementor-social-icon-viber{background-color:#665cac}.elementor-social-icon-vimeo{background-color:#1ab7ea}.elementor-social-icon-vk{background-color:#45668e}.elementor-social-icon-weibo{background-color:#dd2430}.elementor-social-icon-weixin{background-color:#31a918}.elementor-social-icon-whatsapp{background-color:#25d366}.elementor-social-icon-wordpress{background-color:#21759b}.elementor-social-icon-xing{background-color:#026466}.elementor-social-icon-yelp{background-color:#af0606}.elementor-social-icon-youtube{background-color:#cd201f}.elementor-social-icon-500px{background-color:#0099e5}.elementor-shape-rounded .elementor-icon.elementor-social-icon{border-radius:10%}.elementor-shape-circle .elementor-icon.elementor-social-icon{border-radius:50%}<\/style>\t\t<div class=\"elementor-social-icons-wrapper elementor-grid\">\n\t\t\t\t\t\t\t<span class=\"elementor-grid-item\">\n\t\t\t\t\t<a class=\"elementor-icon elementor-social-icon elementor-social-icon-facebook elementor-repeater-item-dc85aaf\" href=\"https:\/\/www.facebook.com\/Syrowka.com.MentorRozwojuDrogiZawodowej.Gallup\/\" target=\"_blank\">\n\t\t\t\t\t\t<span class=\"elementor-screen-only\">Facebook<\/span>\n\t\t\t\t\t\t<i class=\"fab fa-facebook\"><\/i>\t\t\t\t\t<\/a>\n\t\t\t\t<\/span>\n\t\t\t\t\t\t\t<span class=\"elementor-grid-item\">\n\t\t\t\t\t<a class=\"elementor-icon elementor-social-icon elementor-social-icon-linkedin-in elementor-repeater-item-d23c3e4\" href=\"https:\/\/www.linkedin.com\/in\/katarzyna-izabela-syrowka\/\" target=\"_blank\">\n\t\t\t\t\t\t<span class=\"elementor-screen-only\">Linkedin-in<\/span>\n\t\t\t\t\t\t<i class=\"fab fa-linkedin-in\"><\/i>\t\t\t\t\t<\/a>\n\t\t\t\t<\/span>\n\t\t\t\t\t\t\t<span class=\"elementor-grid-item\">\n\t\t\t\t\t<a class=\"elementor-icon elementor-social-icon elementor-social-icon-microphone-alt elementor-repeater-item-1349f09\" href=\"https:\/\/syrowka.com\/podcast\/\" target=\"_blank\">\n\t\t\t\t\t\t<span class=\"elementor-screen-only\">Microphone-alt<\/span>\n\t\t\t\t\t\t<i class=\"fas fa-microphone-alt\"><\/i>\t\t\t\t\t<\/a>\n\t\t\t\t<\/span>\n\t\t\t\t\t<\/div>\n\t\t\t\t<\/div>\n\t\t\t\t<\/div>\n\t\t\t\t\t<\/div>\n\t\t<\/div>\n\t\t\t\t\t\t\t<\/div>\n\t\t<\/section>\n\t\t\t\t\t\t\t<\/div>","protected":false},"excerpt":{"rendered":"<p>Dzi\u0119kuj\u0119! Dzi\u0119kuj\u0119 Ci za zapis na list\u0119 ch\u0119tnych\u00a0do pobrania konspektu Raportu FUTURE 2020 Aby mail z Raportem na pewno do Ciebie dotar\u0142,dodaj: m\u00f3j adres e-mail kasia@syrowka.com do kontakt\u00f3wlub zaufanych adres\u00f3w w swojej skrzynce mailowej. B\u0105d\u017a na bie\u017c\u0105co, \u015bled\u017a mnie w social media: Facebook Linkedin-in Microphone-alt<\/p>","protected":false},"author":2,"featured_media":0,"parent":527,"menu_order":0,"comment_status":"closed","ping_status":"closed","template":"","meta":{"inline_featured_image":false,"site-sidebar-layout":"no-sidebar","site-content-layout":"page-builder","ast-global-header-display":"","ast-main-header-display":"","ast-hfb-above-header-display":"","ast-hfb-below-header-display":"","ast-hfb-mobile-header-display":"","site-post-title":"disabled","ast-breadcrumbs-content":"","ast-featured-img":"disabled","footer-sml-layout":"","theme-transparent-header-meta":"","adv-header-id-meta":"","stick-header-meta":"","header-above-stick-meta":"","header-main-stick-meta":"","header-below-stick-meta":"","footnotes":""},"class_list":["post-1011","page","type-page","status-publish","hentry"],"yoast_head":"<!-- This site is optimized with the Yoast SEO plugin v19.6.1 - https:\/\/yoast.com\/wordpress\/plugins\/seo\/ -->\n<title>Podzi\u0119kowanie za zapis 2020 - Raport Future<\/title>\n<meta name=\"description\" content=\"Raport Future to moja autorska publikacja, kt\u00f3ra pojawia si\u0119 rok do roku. Jej celem jest nie tylko zdiagnozowanie najwa\u017cniejszych wyzwa\u0144 dla lider\u00f3w, organizacji oraz pracownik\u00f3w, ale przede wszystkim wskazanie trend\u00f3w, kt\u00f3re b\u0119d\u0105 obowi\u0105zywa\u0107 na rynku pracy w najbli\u017cszych latach. Jako mentor rozwoju talent\u00f3w, drogi zawodowej oraz poczucia dobrostanu u pracownik\u00f3w pragn\u0119 u\u0142atwi\u0107 Ci podejmowanie w\u0142a\u015bciwych decyzji dotycz\u0105cych Twojej zawodowej przysz\u0142o\u015bci. Raport Future 2022\/2023. Rynek pracy i zawody przysz\u0142o\u015bci to kolejne narz\u0119dzie, kt\u00f3re ukierunkuje Ci\u0119 do wyboru najlepszej drogi na przysz\u0142o\u015b\u0107.\" \/>\n<meta name=\"robots\" content=\"index, follow, max-snippet:-1, max-image-preview:large, max-video-preview:-1\" \/>\n<link rel=\"canonical\" href=\"https:\/\/raportfuture.pl\/en\/raport-future-2020\/podziekowanie-za-zapis-2020\/\" \/>\n<meta property=\"og:locale\" content=\"en_US\" \/>\n<meta property=\"og:type\" content=\"article\" \/>\n<meta property=\"og:title\" content=\"Podzi\u0119kowanie za zapis 2020 - Raport Future\" \/>\n<meta property=\"og:description\" content=\"Raport Future to moja autorska publikacja, kt\u00f3ra pojawia si\u0119 rok do roku. Jej celem jest nie tylko zdiagnozowanie najwa\u017cniejszych wyzwa\u0144 dla lider\u00f3w, organizacji oraz pracownik\u00f3w, ale przede wszystkim wskazanie trend\u00f3w, kt\u00f3re b\u0119d\u0105 obowi\u0105zywa\u0107 na rynku pracy w najbli\u017cszych latach. Jako mentor rozwoju talent\u00f3w, drogi zawodowej oraz poczucia dobrostanu u pracownik\u00f3w pragn\u0119 u\u0142atwi\u0107 Ci podejmowanie w\u0142a\u015bciwych decyzji dotycz\u0105cych Twojej zawodowej przysz\u0142o\u015bci. Raport Future 2022\/2023. Rynek pracy i zawody przysz\u0142o\u015bci to kolejne narz\u0119dzie, kt\u00f3re ukierunkuje Ci\u0119 do wyboru najlepszej drogi na przysz\u0142o\u015b\u0107.\" \/>\n<meta property=\"og:url\" content=\"https:\/\/raportfuture.pl\/en\/raport-future-2020\/podziekowanie-za-zapis-2020\/\" \/>\n<meta property=\"og:site_name\" content=\"Raport Future\" \/>\n<meta property=\"article:modified_time\" content=\"2022-09-27T14:48:53+00:00\" \/>\n<meta property=\"og:image\" content=\"https:\/\/raportfuture.pl\/wp-content\/uploads\/2022\/08\/raport-future-2020-539x1024.png\" \/>\n<meta name=\"twitter:card\" content=\"summary_large_image\" \/>\n<meta name=\"twitter:label1\" content=\"Est. reading time\" \/>\n\t<meta name=\"twitter:data1\" content=\"1 minute\" \/>\n<script type=\"application\/ld+json\" class=\"yoast-schema-graph\">{\"@context\":\"https:\/\/schema.org\",\"@graph\":[{\"@type\":\"WebPage\",\"@id\":\"https:\/\/raportfuture.pl\/raport-future-2020\/podziekowanie-za-zapis-2020\/\",\"url\":\"https:\/\/raportfuture.pl\/raport-future-2020\/podziekowanie-za-zapis-2020\/\",\"name\":\"Podzi\u0119kowanie za zapis 2020 - Raport Future\",\"isPartOf\":{\"@id\":\"https:\/\/raportfuture.pl\/#website\"},\"datePublished\":\"2022-09-27T14:44:49+00:00\",\"dateModified\":\"2022-09-27T14:48:53+00:00\",\"description\":\"Raport Future to moja autorska publikacja, kt\u00f3ra pojawia si\u0119 rok do roku. Jej celem jest nie tylko zdiagnozowanie najwa\u017cniejszych wyzwa\u0144 dla lider\u00f3w, organizacji oraz pracownik\u00f3w, ale przede wszystkim wskazanie trend\u00f3w, kt\u00f3re b\u0119d\u0105 obowi\u0105zywa\u0107 na rynku pracy w najbli\u017cszych latach. Jako mentor rozwoju talent\u00f3w, drogi zawodowej oraz poczucia dobrostanu u pracownik\u00f3w pragn\u0119 u\u0142atwi\u0107 Ci podejmowanie w\u0142a\u015bciwych decyzji dotycz\u0105cych Twojej zawodowej przysz\u0142o\u015bci. Raport Future 2022\/2023. Rynek pracy i zawody przysz\u0142o\u015bci to kolejne narz\u0119dzie, kt\u00f3re ukierunkuje Ci\u0119 do wyboru najlepszej drogi na przysz\u0142o\u015b\u0107.\",\"breadcrumb\":{\"@id\":\"https:\/\/raportfuture.pl\/raport-future-2020\/podziekowanie-za-zapis-2020\/#breadcrumb\"},\"inLanguage\":\"en-US\",\"potentialAction\":[{\"@type\":\"ReadAction\",\"target\":[\"https:\/\/raportfuture.pl\/raport-future-2020\/podziekowanie-za-zapis-2020\/\"]}]},{\"@type\":\"BreadcrumbList\",\"@id\":\"https:\/\/raportfuture.pl\/raport-future-2020\/podziekowanie-za-zapis-2020\/#breadcrumb\",\"itemListElement\":[{\"@type\":\"ListItem\",\"position\":1,\"name\":\"Home\",\"item\":\"https:\/\/raportfuture.pl\/\"},{\"@type\":\"ListItem\",\"position\":2,\"name\":\"Raport Future 2020\",\"item\":\"https:\/\/raportfuture.pl\/raport-future-2020\/\"},{\"@type\":\"ListItem\",\"position\":3,\"name\":\"Podzi\u0119kowanie za zapis 2020\"}]},{\"@type\":\"WebSite\",\"@id\":\"https:\/\/raportfuture.pl\/#website\",\"url\":\"https:\/\/raportfuture.pl\/\",\"name\":\"Raport Future\",\"description\":\"Katarzyna Syr\u00f3wka\",\"publisher\":{\"@id\":\"https:\/\/raportfuture.pl\/#organization\"},\"potentialAction\":[{\"@type\":\"SearchAction\",\"target\":{\"@type\":\"EntryPoint\",\"urlTemplate\":\"https:\/\/raportfuture.pl\/?s={search_term_string}\"},\"query-input\":\"required name=search_term_string\"}],\"inLanguage\":\"en-US\"},{\"@type\":\"Organization\",\"@id\":\"https:\/\/raportfuture.pl\/#organization\",\"name\":\"Raport Future\",\"url\":\"https:\/\/raportfuture.pl\/\",\"sameAs\":[],\"logo\":{\"@type\":\"ImageObject\",\"inLanguage\":\"en-US\",\"@id\":\"https:\/\/raportfuture.pl\/#\/schema\/logo\/image\/\",\"url\":\"https:\/\/raportfuture.pl\/wp-content\/uploads\/2023\/03\/cropped-Zasob-1@3x.png\",\"contentUrl\":\"https:\/\/raportfuture.pl\/wp-content\/uploads\/2023\/03\/cropped-Zasob-1@3x.png\",\"width\":432,\"height\":86,\"caption\":\"Raport Future\"},\"image\":{\"@id\":\"https:\/\/raportfuture.pl\/#\/schema\/logo\/image\/\"}}]}<\/script>\n<!-- \/ Yoast SEO plugin. -->","yoast_head_json":{"title":"Podzi\u0119kowanie za zapis 2020 - Raport Future","description":"Raport Future to moja autorska publikacja, kt\u00f3ra pojawia si\u0119 rok do roku. Jej celem jest nie tylko zdiagnozowanie najwa\u017cniejszych wyzwa\u0144 dla lider\u00f3w, organizacji oraz pracownik\u00f3w, ale przede wszystkim wskazanie trend\u00f3w, kt\u00f3re b\u0119d\u0105 obowi\u0105zywa\u0107 na rynku pracy w najbli\u017cszych latach. Jako mentor rozwoju talent\u00f3w, drogi zawodowej oraz poczucia dobrostanu u pracownik\u00f3w pragn\u0119 u\u0142atwi\u0107 Ci podejmowanie w\u0142a\u015bciwych decyzji dotycz\u0105cych Twojej zawodowej przysz\u0142o\u015bci. Raport Future 2022\/2023. Rynek pracy i zawody przysz\u0142o\u015bci to kolejne narz\u0119dzie, kt\u00f3re ukierunkuje Ci\u0119 do wyboru najlepszej drogi na przysz\u0142o\u015b\u0107.","robots":{"index":"index","follow":"follow","max-snippet":"max-snippet:-1","max-image-preview":"max-image-preview:large","max-video-preview":"max-video-preview:-1"},"canonical":"https:\/\/raportfuture.pl\/en\/raport-future-2020\/podziekowanie-za-zapis-2020\/","og_locale":"en_US","og_type":"article","og_title":"Podzi\u0119kowanie za zapis 2020 - Raport Future","og_description":"Raport Future to moja autorska publikacja, kt\u00f3ra pojawia si\u0119 rok do roku. Jej celem jest nie tylko zdiagnozowanie najwa\u017cniejszych wyzwa\u0144 dla lider\u00f3w, organizacji oraz pracownik\u00f3w, ale przede wszystkim wskazanie trend\u00f3w, kt\u00f3re b\u0119d\u0105 obowi\u0105zywa\u0107 na rynku pracy w najbli\u017cszych latach. Jako mentor rozwoju talent\u00f3w, drogi zawodowej oraz poczucia dobrostanu u pracownik\u00f3w pragn\u0119 u\u0142atwi\u0107 Ci podejmowanie w\u0142a\u015bciwych decyzji dotycz\u0105cych Twojej zawodowej przysz\u0142o\u015bci. Raport Future 2022\/2023. Rynek pracy i zawody przysz\u0142o\u015bci to kolejne narz\u0119dzie, kt\u00f3re ukierunkuje Ci\u0119 do wyboru najlepszej drogi na przysz\u0142o\u015b\u0107.","og_url":"https:\/\/raportfuture.pl\/en\/raport-future-2020\/podziekowanie-za-zapis-2020\/","og_site_name":"Raport Future","article_modified_time":"2022-09-27T14:48:53+00:00","og_image":[{"url":"https:\/\/raportfuture.pl\/wp-content\/uploads\/2022\/08\/raport-future-2020-539x1024.png"}],"twitter_card":"summary_large_image","twitter_misc":{"Est. reading time":"1 minute"},"schema":{"@context":"https:\/\/schema.org","@graph":[{"@type":"WebPage","@id":"https:\/\/raportfuture.pl\/raport-future-2020\/podziekowanie-za-zapis-2020\/","url":"https:\/\/raportfuture.pl\/raport-future-2020\/podziekowanie-za-zapis-2020\/","name":"Podzi\u0119kowanie za zapis 2020 - Raport Future","isPartOf":{"@id":"https:\/\/raportfuture.pl\/#website"},"datePublished":"2022-09-27T14:44:49+00:00","dateModified":"2022-09-27T14:48:53+00:00","description":"Raport Future to moja autorska publikacja, kt\u00f3ra pojawia si\u0119 rok do roku. Jej celem jest nie tylko zdiagnozowanie najwa\u017cniejszych wyzwa\u0144 dla lider\u00f3w, organizacji oraz pracownik\u00f3w, ale przede wszystkim wskazanie trend\u00f3w, kt\u00f3re b\u0119d\u0105 obowi\u0105zywa\u0107 na rynku pracy w najbli\u017cszych latach. Jako mentor rozwoju talent\u00f3w, drogi zawodowej oraz poczucia dobrostanu u pracownik\u00f3w pragn\u0119 u\u0142atwi\u0107 Ci podejmowanie w\u0142a\u015bciwych decyzji dotycz\u0105cych Twojej zawodowej przysz\u0142o\u015bci. Raport Future 2022\/2023. Rynek pracy i zawody przysz\u0142o\u015bci to kolejne narz\u0119dzie, kt\u00f3re ukierunkuje Ci\u0119 do wyboru najlepszej drogi na przysz\u0142o\u015b\u0107.","breadcrumb":{"@id":"https:\/\/raportfuture.pl\/raport-future-2020\/podziekowanie-za-zapis-2020\/#breadcrumb"},"inLanguage":"en-US","potentialAction":[{"@type":"ReadAction","target":["https:\/\/raportfuture.pl\/raport-future-2020\/podziekowanie-za-zapis-2020\/"]}]},{"@type":"BreadcrumbList","@id":"https:\/\/raportfuture.pl\/raport-future-2020\/podziekowanie-za-zapis-2020\/#breadcrumb","itemListElement":[{"@type":"ListItem","position":1,"name":"Home","item":"https:\/\/raportfuture.pl\/"},{"@type":"ListItem","position":2,"name":"Raport Future 2020","item":"https:\/\/raportfuture.pl\/raport-future-2020\/"},{"@type":"ListItem","position":3,"name":"Podzi\u0119kowanie za zapis 2020"}]},{"@type":"WebSite","@id":"https:\/\/raportfuture.pl\/#website","url":"https:\/\/raportfuture.pl\/","name":"Raport Future","description":"Katarzyna Syr\u00f3wka","publisher":{"@id":"https:\/\/raportfuture.pl\/#organization"},"potentialAction":[{"@type":"SearchAction","target":{"@type":"EntryPoint","urlTemplate":"https:\/\/raportfuture.pl\/?s={search_term_string}"},"query-input":"required name=search_term_string"}],"inLanguage":"en-US"},{"@type":"Organization","@id":"https:\/\/raportfuture.pl\/#organization","name":"Raport Future","url":"https:\/\/raportfuture.pl\/","sameAs":[],"logo":{"@type":"ImageObject","inLanguage":"en-US","@id":"https:\/\/raportfuture.pl\/#\/schema\/logo\/image\/","url":"https:\/\/raportfuture.pl\/wp-content\/uploads\/2023\/03\/cropped-Zasob-1@3x.png","contentUrl":"https:\/\/raportfuture.pl\/wp-content\/uploads\/2023\/03\/cropped-Zasob-1@3x.png","width":432,"height":86,"caption":"Raport Future"},"image":{"@id":"https:\/\/raportfuture.pl\/#\/schema\/logo\/image\/"}}]}},"_links":{"self":[{"href":"https:\/\/raportfuture.pl\/en\/wp-json\/wp\/v2\/pages\/1011","targetHints":{"allow":["GET"]}}],"collection":[{"href":"https:\/\/raportfuture.pl\/en\/wp-json\/wp\/v2\/pages"}],"about":[{"href":"https:\/\/raportfuture.pl\/en\/wp-json\/wp\/v2\/types\/page"}],"author":[{"embeddable":true,"href":"https:\/\/raportfuture.pl\/en\/wp-json\/wp\/v2\/users\/2"}],"replies":[{"embeddable":true,"href":"https:\/\/raportfuture.pl\/en\/wp-json\/wp\/v2\/comments?post=1011"}],"version-history":[{"count":7,"href":"https:\/\/raportfuture.pl\/en\/wp-json\/wp\/v2\/pages\/1011\/revisions"}],"predecessor-version":[{"id":1024,"href":"https:\/\/raportfuture.pl\/en\/wp-json\/wp\/v2\/pages\/1011\/revisions\/1024"}],"up":[{"embeddable":true,"href":"https:\/\/raportfuture.pl\/en\/wp-json\/wp\/v2\/pages\/527"}],"wp:attachment":[{"href":"https:\/\/raportfuture.pl\/en\/wp-json\/wp\/v2\/media?parent=1011"}],"curies":[{"name":"wp","href":"https:\/\/api.w.org\/{rel}","templated":true}]}}