{"id":794,"date":"2022-09-08T18:21:21","date_gmt":"2022-09-08T16:21:21","guid":{"rendered":"https:\/\/raportfuture.pl\/?page_id=794"},"modified":"2022-09-08T21:42:42","modified_gmt":"2022-09-08T19:42:42","slug":"dla-mediow","status":"publish","type":"page","link":"https:\/\/raportfuture.pl\/en\/dla-mediow\/","title":{"rendered":"Dla medi\u00f3w"},"content":{"rendered":"<div data-elementor-type=\"wp-page\" data-elementor-id=\"794\" class=\"elementor elementor-794\">\n\t\t\t\t\t\t\t\t\t<section data-particle_enable=\"false\" data-particle-mobile-disabled=\"false\" class=\"elementor-section elementor-top-section elementor-element elementor-element-6d51c446 elementor-section-content-middle elementor-section-boxed elementor-section-height-default elementor-section-height-default\" data-id=\"6d51c446\" data-element_type=\"section\" id=\"raport-2022-23\">\n\t\t\t\t\t\t<div class=\"elementor-container elementor-column-gap-default\">\n\t\t\t\t\t<div class=\"elementor-column elementor-col-100 elementor-top-column elementor-element elementor-element-1ec1aec7\" data-id=\"1ec1aec7\" data-element_type=\"column\">\n\t\t\t<div class=\"elementor-widget-wrap elementor-element-populated\">\n\t\t\t\t\t\t\t\t<div class=\"elementor-element elementor-element-48d11f80 animated-slow elementor-invisible elementor-widget elementor-widget-text-editor\" data-id=\"48d11f80\" data-element_type=\"widget\" data-settings=\"{&quot;_animation&quot;:&quot;fadeInDown&quot;,&quot;_animation_delay&quot;:700}\" data-widget_type=\"text-editor.default\">\n\t\t\t\t<div class=\"elementor-widget-container\">\n\t\t\t<style>\/*! elementor - v3.7.2 - 21-08-2022 *\/\n.elementor-widget-text-editor.elementor-drop-cap-view-stacked .elementor-drop-cap{background-color:#818a91;color:#fff}.elementor-widget-text-editor.elementor-drop-cap-view-framed .elementor-drop-cap{color:#818a91;border:3px solid;background-color:transparent}.elementor-widget-text-editor:not(.elementor-drop-cap-view-default) .elementor-drop-cap{margin-top:8px}.elementor-widget-text-editor:not(.elementor-drop-cap-view-default) .elementor-drop-cap-letter{width:1em;height:1em}.elementor-widget-text-editor .elementor-drop-cap{float:left;text-align:center;line-height:1;font-size:50px}.elementor-widget-text-editor .elementor-drop-cap-letter{display:inline-block}<\/style>\t\t\t\t<p style=\"text-align: left;\">Raport Future<\/p>\t\t\t\t\t\t<\/div>\n\t\t\t\t<\/div>\n\t\t\t\t<div class=\"elementor-element elementor-element-2e103fc4 animated-slow elementor-invisible elementor-widget elementor-widget-heading\" data-id=\"2e103fc4\" data-element_type=\"widget\" data-settings=\"{&quot;_animation&quot;:&quot;fadeInDown&quot;,&quot;_animation_delay&quot;:450}\" data-widget_type=\"heading.default\">\n\t\t\t\t<div class=\"elementor-widget-container\">\n\t\t\t<style>\/*! elementor - v3.7.2 - 21-08-2022 *\/\n.elementor-heading-title{padding:0;margin:0;line-height:1}.elementor-widget-heading .elementor-heading-title[class*=elementor-size-]>a{color:inherit;font-size:inherit;line-height:inherit}.elementor-widget-heading .elementor-heading-title.elementor-size-small{font-size:15px}.elementor-widget-heading .elementor-heading-title.elementor-size-medium{font-size:19px}.elementor-widget-heading .elementor-heading-title.elementor-size-large{font-size:29px}.elementor-widget-heading .elementor-heading-title.elementor-size-xl{font-size:39px}.elementor-widget-heading .elementor-heading-title.elementor-size-xxl{font-size:59px}<\/style><h2 class=\"elementor-heading-title elementor-size-default\">Dla medi\u00f3w<\/h2>\t\t<\/div>\n\t\t\t\t<\/div>\n\t\t\t\t<div class=\"elementor-element elementor-element-b699fa2 animated-slow elementor-invisible elementor-widget elementor-widget-text-editor\" data-id=\"b699fa2\" data-element_type=\"widget\" data-settings=\"{&quot;_animation&quot;:&quot;fadeInDown&quot;,&quot;_animation_delay&quot;:700}\" data-widget_type=\"text-editor.default\">\n\t\t\t\t<div class=\"elementor-widget-container\">\n\t\t\t\t\t\t\t<p>Jako autorka Raportu Future jestem otwarta na wsp\u00f3\u0142prac\u0119 z mediami. Poni\u017cej udost\u0119pniam materia\u0142y, kt\u00f3re mog\u0105 by\u0107 wykorzystane w publikacjach.\u00a0<span style=\"background-color: rgba(255, 255, 255, 0); color: var( --e-global-color-secondary ); font-style: inherit;\"><b>Ch\u0119tnie wyst\u0105pi\u0119 w roli eksperta<\/b><\/span><span style=\"background-color: rgba(255, 255, 255, 0); color: var( --e-global-color-secondary ); font-style: inherit; font-weight: inherit;\"> nie tylko jako autorka Raportu Future, ale r\u00f3wnie\u017c ekspert w zakresie szeroko rozumianego rozwoju osobistego, kt\u00f3ry obejmuje:<\/span><\/p>\t\t\t\t\t\t<\/div>\n\t\t\t\t<\/div>\n\t\t\t\t<div class=\"elementor-element elementor-element-7c1be2e7 elementor-position-left elementor-widget__width-initial elementor-mobile-position-left animated-slow elementor-view-default elementor-vertical-align-top elementor-invisible elementor-widget elementor-widget-icon-box\" data-id=\"7c1be2e7\" data-element_type=\"widget\" data-settings=\"{&quot;_animation&quot;:&quot;fadeInUp&quot;,&quot;_animation_delay&quot;:150}\" data-widget_type=\"icon-box.default\">\n\t\t\t\t<div class=\"elementor-widget-container\">\n\t\t\t<link rel=\"stylesheet\" href=\"https:\/\/raportfuture.pl\/wp-content\/plugins\/elementor\/assets\/css\/widget-icon-box.min.css\">\t\t<div class=\"elementor-icon-box-wrapper\">\n\t\t\t\t\t\t<div class=\"elementor-icon-box-icon\">\n\t\t\t\t<span class=\"elementor-icon elementor-animation-\" >\n\t\t\t\t<i aria-hidden=\"true\" class=\"fas fa-chevron-right\"><\/i>\t\t\t\t<\/span>\n\t\t\t<\/div>\n\t\t\t\t\t\t<div class=\"elementor-icon-box-content\">\n\t\t\t\t<h3 class=\"elementor-icon-box-title\">\n\t\t\t\t\t<span  >\n\t\t\t\t\t\tmentoring  biznesowy\t\t\t\t\t<\/span>\n\t\t\t\t<\/h3>\n\t\t\t\t\t\t\t<\/div>\n\t\t<\/div>\n\t\t\t\t<\/div>\n\t\t\t\t<\/div>\n\t\t\t\t<div class=\"elementor-element elementor-element-5bc68f6 elementor-position-left elementor-widget__width-initial elementor-mobile-position-left animated-slow elementor-view-default elementor-vertical-align-top elementor-invisible elementor-widget elementor-widget-icon-box\" data-id=\"5bc68f6\" data-element_type=\"widget\" data-settings=\"{&quot;_animation&quot;:&quot;fadeInUp&quot;,&quot;_animation_delay&quot;:300}\" data-widget_type=\"icon-box.default\">\n\t\t\t\t<div class=\"elementor-widget-container\">\n\t\t\t\t\t<div class=\"elementor-icon-box-wrapper\">\n\t\t\t\t\t\t<div class=\"elementor-icon-box-icon\">\n\t\t\t\t<span class=\"elementor-icon elementor-animation-\" >\n\t\t\t\t<i aria-hidden=\"true\" class=\"fas fa-chevron-right\"><\/i>\t\t\t\t<\/span>\n\t\t\t<\/div>\n\t\t\t\t\t\t<div class=\"elementor-icon-box-content\">\n\t\t\t\t<h3 class=\"elementor-icon-box-title\">\n\t\t\t\t\t<span  >\n\t\t\t\t\t\trozw\u00f3j talent\u00f3w Gallupa\t\t\t\t\t<\/span>\n\t\t\t\t<\/h3>\n\t\t\t\t\t\t\t<\/div>\n\t\t<\/div>\n\t\t\t\t<\/div>\n\t\t\t\t<\/div>\n\t\t\t\t<div class=\"elementor-element elementor-element-cc6cebb elementor-position-left elementor-widget__width-initial elementor-mobile-position-left animated-slow elementor-view-default elementor-vertical-align-top elementor-invisible elementor-widget elementor-widget-icon-box\" data-id=\"cc6cebb\" data-element_type=\"widget\" data-settings=\"{&quot;_animation&quot;:&quot;fadeInUp&quot;,&quot;_animation_delay&quot;:450}\" data-widget_type=\"icon-box.default\">\n\t\t\t\t<div class=\"elementor-widget-container\">\n\t\t\t\t\t<div class=\"elementor-icon-box-wrapper\">\n\t\t\t\t\t\t<div class=\"elementor-icon-box-icon\">\n\t\t\t\t<span class=\"elementor-icon elementor-animation-\" >\n\t\t\t\t<i aria-hidden=\"true\" class=\"fas fa-chevron-right\"><\/i>\t\t\t\t<\/span>\n\t\t\t<\/div>\n\t\t\t\t\t\t<div class=\"elementor-icon-box-content\">\n\t\t\t\t<h3 class=\"elementor-icon-box-title\">\n\t\t\t\t\t<span  >\n\t\t\t\t\t\tkszta\u0142towanie kariery zawodowej\t\t\t\t\t<\/span>\n\t\t\t\t<\/h3>\n\t\t\t\t\t\t\t<\/div>\n\t\t<\/div>\n\t\t\t\t<\/div>\n\t\t\t\t<\/div>\n\t\t\t\t<div class=\"elementor-element elementor-element-4c8da46 elementor-position-left elementor-widget__width-initial elementor-mobile-position-left animated-slow elementor-view-default elementor-vertical-align-top elementor-invisible elementor-widget elementor-widget-icon-box\" data-id=\"4c8da46\" data-element_type=\"widget\" data-settings=\"{&quot;_animation&quot;:&quot;fadeInUp&quot;,&quot;_animation_delay&quot;:750}\" data-widget_type=\"icon-box.default\">\n\t\t\t\t<div class=\"elementor-widget-container\">\n\t\t\t\t\t<div class=\"elementor-icon-box-wrapper\">\n\t\t\t\t\t\t<div class=\"elementor-icon-box-icon\">\n\t\t\t\t<span class=\"elementor-icon elementor-animation-\" >\n\t\t\t\t<i aria-hidden=\"true\" class=\"fas fa-chevron-right\"><\/i>\t\t\t\t<\/span>\n\t\t\t<\/div>\n\t\t\t\t\t\t<div class=\"elementor-icon-box-content\">\n\t\t\t\t<h3 class=\"elementor-icon-box-title\">\n\t\t\t\t\t<span  >\n\t\t\t\t\t\tbudowa kultury dobrostanu pracownik\u00f3w\t\t\t\t\t<\/span>\n\t\t\t\t<\/h3>\n\t\t\t\t\t\t\t<\/div>\n\t\t<\/div>\n\t\t\t\t<\/div>\n\t\t\t\t<\/div>\n\t\t\t\t<div class=\"elementor-element elementor-element-e68056e elementor-position-left elementor-widget__width-initial elementor-mobile-position-left animated-slow elementor-view-default elementor-vertical-align-top elementor-invisible elementor-widget elementor-widget-icon-box\" data-id=\"e68056e\" data-element_type=\"widget\" data-settings=\"{&quot;_animation&quot;:&quot;fadeInUp&quot;,&quot;_animation_delay&quot;:900}\" data-widget_type=\"icon-box.default\">\n\t\t\t\t<div class=\"elementor-widget-container\">\n\t\t\t\t\t<div class=\"elementor-icon-box-wrapper\">\n\t\t\t\t\t\t<div class=\"elementor-icon-box-icon\">\n\t\t\t\t<span class=\"elementor-icon elementor-animation-\" >\n\t\t\t\t<i aria-hidden=\"true\" class=\"fas fa-chevron-right\"><\/i>\t\t\t\t<\/span>\n\t\t\t<\/div>\n\t\t\t\t\t\t<div class=\"elementor-icon-box-content\">\n\t\t\t\t<h3 class=\"elementor-icon-box-title\">\n\t\t\t\t\t<span  >\n\t\t\t\t\t\tzmian \u017cyciowo-zawodowych. \t\t\t\t\t<\/span>\n\t\t\t\t<\/h3>\n\t\t\t\t\t\t\t<\/div>\n\t\t<\/div>\n\t\t\t\t<\/div>\n\t\t\t\t<\/div>\n\t\t\t\t<div class=\"elementor-element elementor-element-e92afa3 animated-slow elementor-invisible elementor-widget elementor-widget-text-editor\" data-id=\"e92afa3\" data-element_type=\"widget\" data-settings=\"{&quot;_animation&quot;:&quot;fadeInUp&quot;,&quot;_animation_delay&quot;:700}\" data-widget_type=\"text-editor.default\">\n\t\t\t\t<div class=\"elementor-widget-container\">\n\t\t\t\t\t\t\tJe\u015bli potrzebujesz dodatkowych materia\u0142\u00f3w b\u0105d\u017a chcesz mnie zaprosi\u0107 do udzia\u0142u w swoim materiale, prze\u015blij swoj\u0105 propozycj\u0119 na kasia@syrowka.com\t\t\t\t\t\t<\/div>\n\t\t\t\t<\/div>\n\t\t\t\t<div class=\"elementor-element elementor-element-3d1d9632 elementor-align-center animated-slow elementor-invisible elementor-widget elementor-widget-button\" data-id=\"3d1d9632\" data-element_type=\"widget\" data-settings=\"{&quot;_animation&quot;:&quot;fadeIn&quot;,&quot;_animation_delay&quot;:1000}\" data-widget_type=\"button.default\">\n\t\t\t\t<div class=\"elementor-widget-container\">\n\t\t\t\t\t<div class=\"elementor-button-wrapper\">\n\t\t\t<a href=\"#do-pobrania\" class=\"elementor-button-link elementor-button elementor-size-sm\" role=\"button\">\n\t\t\t\t\t\t<span class=\"elementor-button-content-wrapper\">\n\t\t\t\t\t\t<span class=\"elementor-button-text\">Materia\u0142y do pobrania<\/span>\n\t\t<\/span>\n\t\t\t\t\t<\/a>\n\t\t<\/div>\n\t\t\t\t<\/div>\n\t\t\t\t<\/div>\n\t\t\t\t<div class=\"elementor-element elementor-element-74e14f10 animated-slow elementor-view-default elementor-invisible elementor-widget elementor-widget-icon\" data-id=\"74e14f10\" data-element_type=\"widget\" data-settings=\"{&quot;_animation&quot;:&quot;fadeIn&quot;,&quot;_animation_delay&quot;:1000}\" data-widget_type=\"icon.default\">\n\t\t\t\t<div class=\"elementor-widget-container\">\n\t\t\t\t\t<div class=\"elementor-icon-wrapper\">\n\t\t\t<a class=\"elementor-icon elementor-animation-grow\" href=\"#do-pobrania\">\n\t\t\t<i aria-hidden=\"true\" class=\"fas fa-arrow-down\"><\/i>\t\t\t<\/a>\n\t\t<\/div>\n\t\t\t\t<\/div>\n\t\t\t\t<\/div>\n\t\t\t\t\t<\/div>\n\t\t<\/div>\n\t\t\t\t\t\t\t<\/div>\n\t\t<\/section>\n\t\t\t\t<section data-particle_enable=\"false\" data-particle-mobile-disabled=\"false\" class=\"elementor-section elementor-top-section elementor-element elementor-element-67408286 elementor-section-content-middle elementor-section-boxed elementor-section-height-default elementor-section-height-default\" data-id=\"67408286\" data-element_type=\"section\" id=\"do-pobrania\">\n\t\t\t\t\t\t<div class=\"elementor-container elementor-column-gap-default\">\n\t\t\t\t\t<div class=\"elementor-column elementor-col-100 elementor-top-column elementor-element elementor-element-7ff7dfc0\" data-id=\"7ff7dfc0\" data-element_type=\"column\">\n\t\t\t<div class=\"elementor-widget-wrap elementor-element-populated\">\n\t\t\t\t\t\t\t\t<section data-particle_enable=\"false\" data-particle-mobile-disabled=\"false\" class=\"elementor-section elementor-inner-section elementor-element elementor-element-d823116 elementor-section-boxed elementor-section-height-default elementor-section-height-default\" data-id=\"d823116\" data-element_type=\"section\">\n\t\t\t\t\t\t<div class=\"elementor-container elementor-column-gap-default\">\n\t\t\t\t\t<div class=\"elementor-column elementor-col-25 elementor-inner-column elementor-element elementor-element-49386f1\" data-id=\"49386f1\" data-element_type=\"column\">\n\t\t\t<div class=\"elementor-widget-wrap\">\n\t\t\t\t\t\t\t\t\t<\/div>\n\t\t<\/div>\n\t\t\t\t<div class=\"elementor-column elementor-col-25 elementor-inner-column elementor-element elementor-element-4ad55bc\" data-id=\"4ad55bc\" data-element_type=\"column\">\n\t\t\t<div class=\"elementor-widget-wrap\">\n\t\t\t\t\t\t\t\t\t<\/div>\n\t\t<\/div>\n\t\t\t\t<div class=\"elementor-column elementor-col-25 elementor-inner-column elementor-element elementor-element-49ea4de\" data-id=\"49ea4de\" data-element_type=\"column\">\n\t\t\t<div class=\"elementor-widget-wrap\">\n\t\t\t\t\t\t\t\t\t<\/div>\n\t\t<\/div>\n\t\t\t\t<div class=\"elementor-column elementor-col-25 elementor-inner-column elementor-element elementor-element-2a97c45\" data-id=\"2a97c45\" data-element_type=\"column\">\n\t\t\t<div class=\"elementor-widget-wrap\">\n\t\t\t\t\t\t\t\t\t<\/div>\n\t\t<\/div>\n\t\t\t\t\t\t\t<\/div>\n\t\t<\/section>\n\t\t\t\t<div class=\"elementor-element elementor-element-306aa806 animated-slow elementor-invisible elementor-widget elementor-widget-text-editor\" data-id=\"306aa806\" data-element_type=\"widget\" data-settings=\"{&quot;_animation&quot;:&quot;fadeInUp&quot;,&quot;_animation_delay&quot;:700}\" data-widget_type=\"text-editor.default\">\n\t\t\t\t<div class=\"elementor-widget-container\">\n\t\t\t\t\t\t\t\t\t\t\t\t\t<\/div>\n\t\t\t\t<\/div>\n\t\t\t\t<div class=\"elementor-element elementor-element-7cf8fad8 animated-slow elementor-invisible elementor-widget elementor-widget-text-editor\" data-id=\"7cf8fad8\" data-element_type=\"widget\" data-settings=\"{&quot;_animation&quot;:&quot;fadeInUp&quot;,&quot;_animation_delay&quot;:700}\" data-widget_type=\"text-editor.default\">\n\t\t\t\t<div class=\"elementor-widget-container\">\n\t\t\t\t\t\t\t\t\t\t\t\t\t<\/div>\n\t\t\t\t<\/div>\n\t\t\t\t\t<\/div>\n\t\t<\/div>\n\t\t\t\t\t\t\t<\/div>\n\t\t<\/section>\n\t\t\t\t\t\t\t<\/div>","protected":false},"excerpt":{"rendered":"<p>Raport Future Dla medi\u00f3w Jako autorka Raportu Future jestem otwarta na wsp\u00f3\u0142prac\u0119 z mediami. Poni\u017cej udost\u0119pniam materia\u0142y, kt\u00f3re mog\u0105 by\u0107 wykorzystane w publikacjach.&nbsp;Ch\u0119tnie wyst\u0105pi\u0119 w roli eksperta nie tylko jako autorka Raportu Future, ale r\u00f3wnie\u017c ekspert w zakresie szeroko rozumianego rozwoju osobistego, kt\u00f3ry obejmuje: mentoring biznesowy rozw\u00f3j talent\u00f3w Gallupa kszta\u0142towanie kariery zawodowej budowa kultury dobrostanu &hellip;<\/p>\n<p class=\"read-more\"> <a class=\"\" href=\"https:\/\/raportfuture.pl\/en\/dla-mediow\/\"> <span class=\"screen-reader-text\">Dla medi\u00f3w<\/span> Read More &raquo;<\/a><\/p>","protected":false},"author":2,"featured_media":0,"parent":0,"menu_order":0,"comment_status":"closed","ping_status":"closed","template":"","meta":{"inline_featured_image":false,"site-sidebar-layout":"no-sidebar","site-content-layout":"page-builder","ast-global-header-display":"","ast-main-header-display":"","ast-hfb-above-header-display":"","ast-hfb-below-header-display":"","ast-hfb-mobile-header-display":"","site-post-title":"disabled","ast-breadcrumbs-content":"","ast-featured-img":"disabled","footer-sml-layout":"","theme-transparent-header-meta":"","adv-header-id-meta":"","stick-header-meta":"","header-above-stick-meta":"","header-main-stick-meta":"","header-below-stick-meta":"","footnotes":""},"class_list":["post-794","page","type-page","status-publish","hentry"],"yoast_head":"<!-- This site is optimized with the Yoast SEO plugin v19.6.1 - https:\/\/yoast.com\/wordpress\/plugins\/seo\/ -->\n<title>Dla medi\u00f3w - Raport Future<\/title>\n<meta name=\"description\" content=\"Niemal 100-stronicowy raport, w kt\u00f3rym znajdziesz \u2013 poparte wnioskami z bada\u0144 \u2013 refleksje nt. zmian na szeroko rozumianym rynku pracy:Pokolenia pracownicze, ich potencja\u0142 zawodowy i potrzeby.Trendy zawodowe na najbli\u017csze lata, modele wsp\u00f3\u0142pracy, oczekiwania pracodawc\u00f3w, pracownik\u00f3w oraz rynku.Wskaz\u00f3wki oraz eksperckie opinie dotycz\u0105ce wyboru w\u0142a\u015bciwej oraz przysz\u0142o\u015bciowej \u015bcie\u017cki zawodowej.\" \/>\n<meta name=\"robots\" content=\"index, follow, max-snippet:-1, max-image-preview:large, max-video-preview:-1\" \/>\n<link rel=\"canonical\" href=\"https:\/\/raportfuture.pl\/en\/dla-mediow\/\" \/>\n<meta property=\"og:locale\" content=\"en_US\" \/>\n<meta property=\"og:type\" content=\"article\" \/>\n<meta property=\"og:title\" content=\"Dla medi\u00f3w - Raport Future\" \/>\n<meta property=\"og:description\" content=\"Niemal 100-stronicowy raport, w kt\u00f3rym znajdziesz \u2013 poparte wnioskami z bada\u0144 \u2013 refleksje nt. zmian na szeroko rozumianym rynku pracy:Pokolenia pracownicze, ich potencja\u0142 zawodowy i potrzeby.Trendy zawodowe na najbli\u017csze lata, modele wsp\u00f3\u0142pracy, oczekiwania pracodawc\u00f3w, pracownik\u00f3w oraz rynku.Wskaz\u00f3wki oraz eksperckie opinie dotycz\u0105ce wyboru w\u0142a\u015bciwej oraz przysz\u0142o\u015bciowej \u015bcie\u017cki zawodowej.\" \/>\n<meta property=\"og:url\" content=\"https:\/\/raportfuture.pl\/en\/dla-mediow\/\" \/>\n<meta property=\"og:site_name\" content=\"Raport Future\" \/>\n<meta property=\"article:modified_time\" content=\"2022-09-08T19:42:42+00:00\" \/>\n<meta name=\"twitter:card\" content=\"summary_large_image\" \/>\n<meta name=\"twitter:label1\" content=\"Est. reading time\" \/>\n\t<meta name=\"twitter:data1\" content=\"1 minute\" \/>\n<script type=\"application\/ld+json\" class=\"yoast-schema-graph\">{\"@context\":\"https:\/\/schema.org\",\"@graph\":[{\"@type\":\"WebPage\",\"@id\":\"https:\/\/raportfuture.pl\/dla-mediow\/\",\"url\":\"https:\/\/raportfuture.pl\/dla-mediow\/\",\"name\":\"Dla medi\u00f3w - Raport Future\",\"isPartOf\":{\"@id\":\"https:\/\/raportfuture.pl\/#website\"},\"datePublished\":\"2022-09-08T16:21:21+00:00\",\"dateModified\":\"2022-09-08T19:42:42+00:00\",\"description\":\"Niemal 100-stronicowy raport, w kt\u00f3rym znajdziesz \u2013 poparte wnioskami z bada\u0144 \u2013 refleksje nt. zmian na szeroko rozumianym rynku pracy:Pokolenia pracownicze, ich potencja\u0142 zawodowy i potrzeby.Trendy zawodowe na najbli\u017csze lata, modele wsp\u00f3\u0142pracy, oczekiwania pracodawc\u00f3w, pracownik\u00f3w oraz rynku.Wskaz\u00f3wki oraz eksperckie opinie dotycz\u0105ce wyboru w\u0142a\u015bciwej oraz przysz\u0142o\u015bciowej \u015bcie\u017cki zawodowej.\",\"breadcrumb\":{\"@id\":\"https:\/\/raportfuture.pl\/dla-mediow\/#breadcrumb\"},\"inLanguage\":\"en-US\",\"potentialAction\":[{\"@type\":\"ReadAction\",\"target\":[\"https:\/\/raportfuture.pl\/dla-mediow\/\"]}]},{\"@type\":\"BreadcrumbList\",\"@id\":\"https:\/\/raportfuture.pl\/dla-mediow\/#breadcrumb\",\"itemListElement\":[{\"@type\":\"ListItem\",\"position\":1,\"name\":\"Home\",\"item\":\"https:\/\/raportfuture.pl\/\"},{\"@type\":\"ListItem\",\"position\":2,\"name\":\"Dla medi\u00f3w\"}]},{\"@type\":\"WebSite\",\"@id\":\"https:\/\/raportfuture.pl\/#website\",\"url\":\"https:\/\/raportfuture.pl\/\",\"name\":\"Raport Future\",\"description\":\"Katarzyna Syr\u00f3wka\",\"publisher\":{\"@id\":\"https:\/\/raportfuture.pl\/#organization\"},\"potentialAction\":[{\"@type\":\"SearchAction\",\"target\":{\"@type\":\"EntryPoint\",\"urlTemplate\":\"https:\/\/raportfuture.pl\/?s={search_term_string}\"},\"query-input\":\"required name=search_term_string\"}],\"inLanguage\":\"en-US\"},{\"@type\":\"Organization\",\"@id\":\"https:\/\/raportfuture.pl\/#organization\",\"name\":\"Raport Future\",\"url\":\"https:\/\/raportfuture.pl\/\",\"sameAs\":[],\"logo\":{\"@type\":\"ImageObject\",\"inLanguage\":\"en-US\",\"@id\":\"https:\/\/raportfuture.pl\/#\/schema\/logo\/image\/\",\"url\":\"https:\/\/raportfuture.pl\/wp-content\/uploads\/2023\/03\/cropped-Zasob-1@3x.png\",\"contentUrl\":\"https:\/\/raportfuture.pl\/wp-content\/uploads\/2023\/03\/cropped-Zasob-1@3x.png\",\"width\":432,\"height\":86,\"caption\":\"Raport Future\"},\"image\":{\"@id\":\"https:\/\/raportfuture.pl\/#\/schema\/logo\/image\/\"}}]}<\/script>\n<!-- \/ Yoast SEO plugin. -->","yoast_head_json":{"title":"Dla medi\u00f3w - Raport Future","description":"Niemal 100-stronicowy raport, w kt\u00f3rym znajdziesz \u2013 poparte wnioskami z bada\u0144 \u2013 refleksje nt. zmian na szeroko rozumianym rynku pracy:Pokolenia pracownicze, ich potencja\u0142 zawodowy i potrzeby.Trendy zawodowe na najbli\u017csze lata, modele wsp\u00f3\u0142pracy, oczekiwania pracodawc\u00f3w, pracownik\u00f3w oraz rynku.Wskaz\u00f3wki oraz eksperckie opinie dotycz\u0105ce wyboru w\u0142a\u015bciwej oraz przysz\u0142o\u015bciowej \u015bcie\u017cki zawodowej.","robots":{"index":"index","follow":"follow","max-snippet":"max-snippet:-1","max-image-preview":"max-image-preview:large","max-video-preview":"max-video-preview:-1"},"canonical":"https:\/\/raportfuture.pl\/en\/dla-mediow\/","og_locale":"en_US","og_type":"article","og_title":"Dla medi\u00f3w - Raport Future","og_description":"Niemal 100-stronicowy raport, w kt\u00f3rym znajdziesz \u2013 poparte wnioskami z bada\u0144 \u2013 refleksje nt. zmian na szeroko rozumianym rynku pracy:Pokolenia pracownicze, ich potencja\u0142 zawodowy i potrzeby.Trendy zawodowe na najbli\u017csze lata, modele wsp\u00f3\u0142pracy, oczekiwania pracodawc\u00f3w, pracownik\u00f3w oraz rynku.Wskaz\u00f3wki oraz eksperckie opinie dotycz\u0105ce wyboru w\u0142a\u015bciwej oraz przysz\u0142o\u015bciowej \u015bcie\u017cki zawodowej.","og_url":"https:\/\/raportfuture.pl\/en\/dla-mediow\/","og_site_name":"Raport Future","article_modified_time":"2022-09-08T19:42:42+00:00","twitter_card":"summary_large_image","twitter_misc":{"Est. reading time":"1 minute"},"schema":{"@context":"https:\/\/schema.org","@graph":[{"@type":"WebPage","@id":"https:\/\/raportfuture.pl\/dla-mediow\/","url":"https:\/\/raportfuture.pl\/dla-mediow\/","name":"Dla medi\u00f3w - Raport Future","isPartOf":{"@id":"https:\/\/raportfuture.pl\/#website"},"datePublished":"2022-09-08T16:21:21+00:00","dateModified":"2022-09-08T19:42:42+00:00","description":"Niemal 100-stronicowy raport, w kt\u00f3rym znajdziesz \u2013 poparte wnioskami z bada\u0144 \u2013 refleksje nt. zmian na szeroko rozumianym rynku pracy:Pokolenia pracownicze, ich potencja\u0142 zawodowy i potrzeby.Trendy zawodowe na najbli\u017csze lata, modele wsp\u00f3\u0142pracy, oczekiwania pracodawc\u00f3w, pracownik\u00f3w oraz rynku.Wskaz\u00f3wki oraz eksperckie opinie dotycz\u0105ce wyboru w\u0142a\u015bciwej oraz przysz\u0142o\u015bciowej \u015bcie\u017cki zawodowej.","breadcrumb":{"@id":"https:\/\/raportfuture.pl\/dla-mediow\/#breadcrumb"},"inLanguage":"en-US","potentialAction":[{"@type":"ReadAction","target":["https:\/\/raportfuture.pl\/dla-mediow\/"]}]},{"@type":"BreadcrumbList","@id":"https:\/\/raportfuture.pl\/dla-mediow\/#breadcrumb","itemListElement":[{"@type":"ListItem","position":1,"name":"Home","item":"https:\/\/raportfuture.pl\/"},{"@type":"ListItem","position":2,"name":"Dla medi\u00f3w"}]},{"@type":"WebSite","@id":"https:\/\/raportfuture.pl\/#website","url":"https:\/\/raportfuture.pl\/","name":"Raport Future","description":"Katarzyna Syr\u00f3wka","publisher":{"@id":"https:\/\/raportfuture.pl\/#organization"},"potentialAction":[{"@type":"SearchAction","target":{"@type":"EntryPoint","urlTemplate":"https:\/\/raportfuture.pl\/?s={search_term_string}"},"query-input":"required name=search_term_string"}],"inLanguage":"en-US"},{"@type":"Organization","@id":"https:\/\/raportfuture.pl\/#organization","name":"Raport Future","url":"https:\/\/raportfuture.pl\/","sameAs":[],"logo":{"@type":"ImageObject","inLanguage":"en-US","@id":"https:\/\/raportfuture.pl\/#\/schema\/logo\/image\/","url":"https:\/\/raportfuture.pl\/wp-content\/uploads\/2023\/03\/cropped-Zasob-1@3x.png","contentUrl":"https:\/\/raportfuture.pl\/wp-content\/uploads\/2023\/03\/cropped-Zasob-1@3x.png","width":432,"height":86,"caption":"Raport Future"},"image":{"@id":"https:\/\/raportfuture.pl\/#\/schema\/logo\/image\/"}}]}},"_links":{"self":[{"href":"https:\/\/raportfuture.pl\/en\/wp-json\/wp\/v2\/pages\/794","targetHints":{"allow":["GET"]}}],"collection":[{"href":"https:\/\/raportfuture.pl\/en\/wp-json\/wp\/v2\/pages"}],"about":[{"href":"https:\/\/raportfuture.pl\/en\/wp-json\/wp\/v2\/types\/page"}],"author":[{"embeddable":true,"href":"https:\/\/raportfuture.pl\/en\/wp-json\/wp\/v2\/users\/2"}],"replies":[{"embeddable":true,"href":"https:\/\/raportfuture.pl\/en\/wp-json\/wp\/v2\/comments?post=794"}],"version-history":[{"count":28,"href":"https:\/\/raportfuture.pl\/en\/wp-json\/wp\/v2\/pages\/794\/revisions"}],"predecessor-version":[{"id":932,"href":"https:\/\/raportfuture.pl\/en\/wp-json\/wp\/v2\/pages\/794\/revisions\/932"}],"wp:attachment":[{"href":"https:\/\/raportfuture.pl\/en\/wp-json\/wp\/v2\/media?parent=794"}],"curies":[{"name":"wp","href":"https:\/\/api.w.org\/{rel}","templated":true}]}}