{"id":933,"date":"2022-09-13T15:49:57","date_gmt":"2022-09-13T13:49:57","guid":{"rendered":"https:\/\/raportfuture.pl\/?page_id=933"},"modified":"2022-09-13T16:08:42","modified_gmt":"2022-09-13T14:08:42","slug":"o-mnie","status":"publish","type":"page","link":"https:\/\/raportfuture.pl\/en\/o-mnie\/","title":{"rendered":"O mnie"},"content":{"rendered":"<div data-elementor-type=\"wp-page\" data-elementor-id=\"933\" class=\"elementor elementor-933\">\n\t\t\t\t\t\t\t\t\t<section data-particle_enable=\"false\" data-particle-mobile-disabled=\"false\" class=\"elementor-section elementor-top-section elementor-element elementor-element-7284af9a elementor-section-content-middle elementor-section-boxed elementor-section-height-default elementor-section-height-default\" data-id=\"7284af9a\" data-element_type=\"section\" id=\"raport-2022-23\">\n\t\t\t\t\t\t<div class=\"elementor-container elementor-column-gap-default\">\n\t\t\t\t\t<div class=\"elementor-column elementor-col-50 elementor-top-column elementor-element elementor-element-4a9747b6\" data-id=\"4a9747b6\" data-element_type=\"column\">\n\t\t\t<div class=\"elementor-widget-wrap elementor-element-populated\">\n\t\t\t\t\t\t\t\t<div class=\"elementor-element elementor-element-2391ca02 animated-slow elementor-invisible elementor-widget elementor-widget-text-editor\" data-id=\"2391ca02\" data-element_type=\"widget\" data-settings=\"{&quot;_animation&quot;:&quot;fadeInUp&quot;,&quot;_animation_delay&quot;:700}\" data-widget_type=\"text-editor.default\">\n\t\t\t\t<div class=\"elementor-widget-container\">\n\t\t\t<style>\/*! elementor - v3.7.2 - 21-08-2022 *\/\n.elementor-widget-text-editor.elementor-drop-cap-view-stacked .elementor-drop-cap{background-color:#818a91;color:#fff}.elementor-widget-text-editor.elementor-drop-cap-view-framed .elementor-drop-cap{color:#818a91;border:3px solid;background-color:transparent}.elementor-widget-text-editor:not(.elementor-drop-cap-view-default) .elementor-drop-cap{margin-top:8px}.elementor-widget-text-editor:not(.elementor-drop-cap-view-default) .elementor-drop-cap-letter{width:1em;height:1em}.elementor-widget-text-editor .elementor-drop-cap{float:left;text-align:center;line-height:1;font-size:50px}.elementor-widget-text-editor .elementor-drop-cap-letter{display:inline-block}<\/style>\t\t\t\t<p style=\"text-align: left;\">Nazywam si\u0119<\/p>\t\t\t\t\t\t<\/div>\n\t\t\t\t<\/div>\n\t\t\t\t<div class=\"elementor-element elementor-element-2ac19a80 animated-slow elementor-invisible elementor-widget elementor-widget-heading\" data-id=\"2ac19a80\" data-element_type=\"widget\" data-settings=\"{&quot;_animation&quot;:&quot;fadeInDown&quot;}\" data-widget_type=\"heading.default\">\n\t\t\t\t<div class=\"elementor-widget-container\">\n\t\t\t<style>\/*! elementor - v3.7.2 - 21-08-2022 *\/\n.elementor-heading-title{padding:0;margin:0;line-height:1}.elementor-widget-heading .elementor-heading-title[class*=elementor-size-]>a{color:inherit;font-size:inherit;line-height:inherit}.elementor-widget-heading .elementor-heading-title.elementor-size-small{font-size:15px}.elementor-widget-heading .elementor-heading-title.elementor-size-medium{font-size:19px}.elementor-widget-heading .elementor-heading-title.elementor-size-large{font-size:29px}.elementor-widget-heading .elementor-heading-title.elementor-size-xl{font-size:39px}.elementor-widget-heading .elementor-heading-title.elementor-size-xxl{font-size:59px}<\/style><h2 class=\"elementor-heading-title elementor-size-default\">Kasia Syr\u00f3wka<\/h2>\t\t<\/div>\n\t\t\t\t<\/div>\n\t\t\t\t<div class=\"elementor-element elementor-element-f516fb6 animated-slow elementor-invisible elementor-widget elementor-widget-text-editor\" data-id=\"f516fb6\" data-element_type=\"widget\" data-settings=\"{&quot;_animation&quot;:&quot;fadeInUp&quot;,&quot;_animation_delay&quot;:700}\" data-widget_type=\"text-editor.default\">\n\t\t\t\t<div class=\"elementor-widget-container\">\n\t\t\t\t\t\t\t<p><b>Jestem akredytowan\u0105 mentork\u0105 rozwoju talent\u00f3w i drogi zawodowej<\/b> z akredytacj\u0105 EMCC na poziomie Practitioner level\u00ae\ufe0f oraz certyfikowanym Coach Gallupa\u00ae\ufe0f, a tak\u017ce facylitatork\u0105 modelowania stanowiska pracy, metodyki Job Crafting.<\/p><p>Jednocze\u015bnie jestem <b>praktykiem biznesu z ponad 25-letnim do\u015bwiadczeniem<\/b> w zarz\u0105dzaniu strategicznym, sprzeda\u017cy i konsultingu biznesowym.<\/p><p>Do\u015bwiadczenie zdobywa\u0142am w ma\u0142ych i \u015brednich firmach oraz w mi\u0119dzynarodowych korporacjach, a tak\u017ce prowadz\u0105c w\u0142asne firmy. Teraz rozwijam sw\u00f3j biznes Syrowka.com.<\/p>\t\t\t\t\t\t<\/div>\n\t\t\t\t<\/div>\n\t\t\t\t\t<\/div>\n\t\t<\/div>\n\t\t\t\t<div class=\"elementor-column elementor-col-50 elementor-top-column elementor-element elementor-element-39efa9b7\" data-id=\"39efa9b7\" data-element_type=\"column\">\n\t\t\t<div class=\"elementor-widget-wrap elementor-element-populated\">\n\t\t\t\t\t\t\t\t<div class=\"elementor-element elementor-element-2000ef4 elementor-widget elementor-widget-image\" data-id=\"2000ef4\" data-element_type=\"widget\" data-widget_type=\"image.default\">\n\t\t\t\t<div class=\"elementor-widget-container\">\n\t\t\t<style>\/*! elementor - v3.7.2 - 21-08-2022 *\/\n.elementor-widget-image{text-align:center}.elementor-widget-image a{display:inline-block}.elementor-widget-image a img[src$=\".svg\"]{width:48px}.elementor-widget-image img{vertical-align:middle;display:inline-block}<\/style>\t\t\t\t\t\t\t\t\t\t\t\t<img loading=\"lazy\" decoding=\"async\" width=\"1024\" height=\"1024\" src=\"https:\/\/raportfuture.pl\/wp-content\/uploads\/2022\/09\/IMG_5950_zdjecie-Kasia_do-SM-1024x1024.jpg\" class=\"attachment-large size-large\" alt=\"\" srcset=\"https:\/\/raportfuture.pl\/wp-content\/uploads\/2022\/09\/IMG_5950_zdjecie-Kasia_do-SM-1024x1024.jpg 1024w, https:\/\/raportfuture.pl\/wp-content\/uploads\/2022\/09\/IMG_5950_zdjecie-Kasia_do-SM-300x300.jpg 300w, https:\/\/raportfuture.pl\/wp-content\/uploads\/2022\/09\/IMG_5950_zdjecie-Kasia_do-SM-150x150.jpg 150w, https:\/\/raportfuture.pl\/wp-content\/uploads\/2022\/09\/IMG_5950_zdjecie-Kasia_do-SM-768x768.jpg 768w, https:\/\/raportfuture.pl\/wp-content\/uploads\/2022\/09\/IMG_5950_zdjecie-Kasia_do-SM.jpg 1512w\" sizes=\"auto, (max-width: 1024px) 100vw, 1024px\" \/>\t\t\t\t\t\t\t\t\t\t\t\t\t\t\t<\/div>\n\t\t\t\t<\/div>\n\t\t\t\t\t<\/div>\n\t\t<\/div>\n\t\t\t\t\t\t\t<\/div>\n\t\t<\/section>\n\t\t\t\t<section data-particle_enable=\"false\" data-particle-mobile-disabled=\"false\" class=\"elementor-section elementor-top-section elementor-element elementor-element-3c8eb6af elementor-section-content-middle elementor-section-boxed elementor-section-height-default elementor-section-height-default\" data-id=\"3c8eb6af\" data-element_type=\"section\" id=\"raport-future\">\n\t\t\t\t\t\t<div class=\"elementor-container elementor-column-gap-default\">\n\t\t\t\t\t<div class=\"elementor-column elementor-col-100 elementor-top-column elementor-element elementor-element-2842ec97\" data-id=\"2842ec97\" data-element_type=\"column\">\n\t\t\t<div class=\"elementor-widget-wrap elementor-element-populated\">\n\t\t\t\t\t\t\t\t<div class=\"elementor-element elementor-element-3221cec2 animated-slow elementor-invisible elementor-widget elementor-widget-heading\" data-id=\"3221cec2\" data-element_type=\"widget\" data-settings=\"{&quot;_animation&quot;:&quot;fadeInDown&quot;}\" data-widget_type=\"heading.default\">\n\t\t\t\t<div class=\"elementor-widget-container\">\n\t\t\t<h2 class=\"elementor-heading-title elementor-size-default\">Specjalizuj\u0119 si\u0119<\/h2>\t\t<\/div>\n\t\t\t\t<\/div>\n\t\t\t\t<div class=\"elementor-element elementor-element-6b8c8379 animated-slow elementor-invisible elementor-widget elementor-widget-text-editor\" data-id=\"6b8c8379\" data-element_type=\"widget\" data-settings=\"{&quot;_animation&quot;:&quot;fadeInUp&quot;,&quot;_animation_delay&quot;:700}\" data-widget_type=\"text-editor.default\">\n\t\t\t\t<div class=\"elementor-widget-container\">\n\t\t\t\t\t\t\t\t\t\t\t\t\t<\/div>\n\t\t\t\t<\/div>\n\t\t\t\t<div class=\"elementor-element elementor-element-19f39f8d animated-slow elementor-invisible elementor-widget elementor-widget-text-editor\" data-id=\"19f39f8d\" data-element_type=\"widget\" data-settings=\"{&quot;_animation&quot;:&quot;fadeInUp&quot;}\" data-widget_type=\"text-editor.default\">\n\t\t\t\t<div class=\"elementor-widget-container\">\n\t\t\t\t\t\t\t<p style=\"font-size: 16px; font-style: normal; font-weight: 400;\">w podnoszeniu dobrostanu pracownik\u00f3w w miejscu pracy, wykorzystuj\u0105c do tego kilka narzedzi tj. badanie Gallupa, metodyk\u0119 Job Crafting, prace na przekonaniach itd.\u00a0<span style=\"background-color: rgba(255, 255, 255, 0); color: var( --e-global-color-secondary );\">Dodatkowo jestem ekspertk\u0105 ds. budowania program\u00f3w mentoringowych\/talentowych (akredytacja EMCC PMQA oraz IPMA), Assesork\u0105 program\u00f3w mentoringowych w EMCC (na Europ\u0119),\u00a0<\/span><span style=\"background-color: rgba(255, 255, 255, 0); color: var( --e-global-color-secondary );\">Opiekunk\u0105 merytoryczna programu mentoringowego przy Fundacji Liderek Biznesu (ponad 500 uczestnik\u00f3w).<\/span><\/p><p style=\"font-size: 16px; font-style: normal; font-weight: 400;\"><b style=\"background-color: rgba(255, 255, 255, 0); color: var( --e-global-color-secondary );\">Do\u015bwiadczenie swoich w\u0142asnych poszukiwa\u0144 zawodowych prze\u0142o\u017cy\u0142am na pomoc ludziom w ich sytuacji zawodowej.\u00a0<\/b><span style=\"color: var( --e-global-color-secondary ); background-color: rgba(255, 255, 255, 0);\">Pomagam rozwija\u0107 swoj\u0105 drog\u0119 zawodow\u0105 w oparciu o talenty, dzi\u0119ki czemu ro\u015bnie i cz\u0142owiek i biznes.\u00a0<\/span><span style=\"color: var( --e-global-color-secondary ); background-color: rgba(255, 255, 255, 0);\">Inspiruj\u0119 w wyborze przemy\u015blanej drogi zawodowej. Wspieram ludzi w odkrywaniu ich potencja\u0142u, pomagam podnie\u015b\u0107 ich poczucie warto\u015bci i wspieram w zwi\u0119kszaniu efektywno\u015bci i realizacji cel\u00f3w zawodowych!<\/span><\/p>\t\t\t\t\t\t<\/div>\n\t\t\t\t<\/div>\n\t\t\t\t<div class=\"elementor-element elementor-element-31823038 animated-slow elementor-invisible elementor-widget elementor-widget-text-editor\" data-id=\"31823038\" data-element_type=\"widget\" data-settings=\"{&quot;_animation&quot;:&quot;fadeInUp&quot;,&quot;_animation_delay&quot;:700}\" data-widget_type=\"text-editor.default\">\n\t\t\t\t<div class=\"elementor-widget-container\">\n\t\t\t\t\t\t\t\t\t\t\t\t\t<\/div>\n\t\t\t\t<\/div>\n\t\t\t\t<section data-particle_enable=\"false\" data-particle-mobile-disabled=\"false\" class=\"elementor-section elementor-inner-section elementor-element elementor-element-27b7ec77 elementor-section-boxed elementor-section-height-default elementor-section-height-default\" data-id=\"27b7ec77\" data-element_type=\"section\">\n\t\t\t\t\t\t<div class=\"elementor-container elementor-column-gap-default\">\n\t\t\t\t\t<div class=\"elementor-column elementor-col-50 elementor-inner-column elementor-element elementor-element-3040cff7\" data-id=\"3040cff7\" data-element_type=\"column\">\n\t\t\t<div class=\"elementor-widget-wrap elementor-element-populated\">\n\t\t\t\t\t\t\t\t<div class=\"elementor-element elementor-element-124a376 elementor-align-right elementor-tablet-align-right elementor-mobile-align-center elementor-invisible elementor-widget elementor-widget-button\" data-id=\"124a376\" data-element_type=\"widget\" data-settings=\"{&quot;_animation&quot;:&quot;fadeInUp&quot;,&quot;_animation_delay&quot;:300}\" data-widget_type=\"button.default\">\n\t\t\t\t<div class=\"elementor-widget-container\">\n\t\t\t\t\t<div class=\"elementor-button-wrapper\">\n\t\t\t<a href=\"\/en\/\" class=\"elementor-button-link elementor-button elementor-size-lg\" role=\"button\">\n\t\t\t\t\t\t<span class=\"elementor-button-content-wrapper\">\n\t\t\t\t\t\t<span class=\"elementor-button-text\">Wi\u0119cej o Raporcie Future<\/span>\n\t\t<\/span>\n\t\t\t\t\t<\/a>\n\t\t<\/div>\n\t\t\t\t<\/div>\n\t\t\t\t<\/div>\n\t\t\t\t\t<\/div>\n\t\t<\/div>\n\t\t\t\t<div class=\"elementor-column elementor-col-50 elementor-inner-column elementor-element elementor-element-6c06215c\" data-id=\"6c06215c\" data-element_type=\"column\">\n\t\t\t<div class=\"elementor-widget-wrap elementor-element-populated\">\n\t\t\t\t\t\t\t\t<div class=\"elementor-element elementor-element-674d9ce elementor-align-left elementor-mobile-align-center animated-slow elementor-invisible elementor-widget elementor-widget-button\" data-id=\"674d9ce\" data-element_type=\"widget\" data-settings=\"{&quot;_animation&quot;:&quot;fadeInUp&quot;,&quot;_animation_delay&quot;:600}\" data-widget_type=\"button.default\">\n\t\t\t\t<div class=\"elementor-widget-container\">\n\t\t\t\t\t<div class=\"elementor-button-wrapper\">\n\t\t\t<a href=\"https:\/\/raportfuture.pl\/en\/wspolpraca\/\" class=\"elementor-button-link elementor-button elementor-size-lg\" role=\"button\">\n\t\t\t\t\t\t<span class=\"elementor-button-content-wrapper\">\n\t\t\t\t\t\t<span class=\"elementor-button-text\">wsp\u00f3\u0142pracujmy<\/span>\n\t\t<\/span>\n\t\t\t\t\t<\/a>\n\t\t<\/div>\n\t\t\t\t<\/div>\n\t\t\t\t<\/div>\n\t\t\t\t\t<\/div>\n\t\t<\/div>\n\t\t\t\t\t\t\t<\/div>\n\t\t<\/section>\n\t\t\t\t\t<\/div>\n\t\t<\/div>\n\t\t\t\t\t\t\t<\/div>\n\t\t<\/section>\n\t\t\t\t\t\t\t<\/div>","protected":false},"excerpt":{"rendered":"<p>Nazywam si\u0119 Kasia Syr\u00f3wka Jestem akredytowan\u0105 mentork\u0105 rozwoju talent\u00f3w i drogi zawodowej z akredytacj\u0105 EMCC na poziomie Practitioner level\u00ae\ufe0f oraz certyfikowanym Coach Gallupa\u00ae\ufe0f, a tak\u017ce facylitatork\u0105 modelowania stanowiska pracy, metodyki Job Crafting. Jednocze\u015bnie jestem praktykiem biznesu z ponad 25-letnim do\u015bwiadczeniem w zarz\u0105dzaniu strategicznym, sprzeda\u017cy i konsultingu biznesowym. Do\u015bwiadczenie zdobywa\u0142am w ma\u0142ych i \u015brednich firmach oraz &hellip;<\/p>\n<p class=\"read-more\"> <a class=\"\" href=\"https:\/\/raportfuture.pl\/en\/o-mnie\/\"> <span class=\"screen-reader-text\">O mnie<\/span> Read More &raquo;<\/a><\/p>","protected":false},"author":2,"featured_media":0,"parent":0,"menu_order":0,"comment_status":"closed","ping_status":"closed","template":"","meta":{"inline_featured_image":false,"site-sidebar-layout":"no-sidebar","site-content-layout":"page-builder","ast-global-header-display":"","ast-main-header-display":"","ast-hfb-above-header-display":"","ast-hfb-below-header-display":"","ast-hfb-mobile-header-display":"","site-post-title":"disabled","ast-breadcrumbs-content":"","ast-featured-img":"disabled","footer-sml-layout":"","theme-transparent-header-meta":"","adv-header-id-meta":"","stick-header-meta":"","header-above-stick-meta":"","header-main-stick-meta":"","header-below-stick-meta":"","footnotes":""},"class_list":["post-933","page","type-page","status-publish","hentry"],"yoast_head":"<!-- This site is optimized with the Yoast SEO plugin v19.6.1 - https:\/\/yoast.com\/wordpress\/plugins\/seo\/ -->\n<title>O mnie - Raport Future<\/title>\n<meta name=\"robots\" content=\"index, follow, max-snippet:-1, max-image-preview:large, max-video-preview:-1\" \/>\n<link rel=\"canonical\" href=\"https:\/\/raportfuture.pl\/en\/o-mnie\/\" \/>\n<meta property=\"og:locale\" content=\"en_US\" \/>\n<meta property=\"og:type\" content=\"article\" \/>\n<meta property=\"og:title\" content=\"O mnie - Raport Future\" \/>\n<meta property=\"og:description\" content=\"Nazywam si\u0119 Kasia Syr\u00f3wka Jestem akredytowan\u0105 mentork\u0105 rozwoju talent\u00f3w i drogi zawodowej z akredytacj\u0105 EMCC na poziomie Practitioner level\u00ae\ufe0f oraz certyfikowanym Coach Gallupa\u00ae\ufe0f, a tak\u017ce facylitatork\u0105 modelowania stanowiska pracy, metodyki Job Crafting. Jednocze\u015bnie jestem praktykiem biznesu z ponad 25-letnim do\u015bwiadczeniem w zarz\u0105dzaniu strategicznym, sprzeda\u017cy i konsultingu biznesowym. Do\u015bwiadczenie zdobywa\u0142am w ma\u0142ych i \u015brednich firmach oraz &hellip; O mnie Read More &raquo;\" \/>\n<meta property=\"og:url\" content=\"https:\/\/raportfuture.pl\/en\/o-mnie\/\" \/>\n<meta property=\"og:site_name\" content=\"Raport Future\" \/>\n<meta property=\"article:modified_time\" content=\"2022-09-13T14:08:42+00:00\" \/>\n<meta property=\"og:image\" content=\"https:\/\/raportfuture.pl\/wp-content\/uploads\/2022\/09\/IMG_5950_zdjecie-Kasia_do-SM-1024x1024.jpg\" \/>\n<meta name=\"twitter:card\" content=\"summary_large_image\" \/>\n<meta name=\"twitter:label1\" content=\"Est. reading time\" \/>\n\t<meta name=\"twitter:data1\" content=\"2 minutes\" \/>\n<script type=\"application\/ld+json\" class=\"yoast-schema-graph\">{\"@context\":\"https:\/\/schema.org\",\"@graph\":[{\"@type\":\"WebPage\",\"@id\":\"https:\/\/raportfuture.pl\/o-mnie\/\",\"url\":\"https:\/\/raportfuture.pl\/o-mnie\/\",\"name\":\"O mnie - Raport Future\",\"isPartOf\":{\"@id\":\"https:\/\/raportfuture.pl\/#website\"},\"datePublished\":\"2022-09-13T13:49:57+00:00\",\"dateModified\":\"2022-09-13T14:08:42+00:00\",\"breadcrumb\":{\"@id\":\"https:\/\/raportfuture.pl\/o-mnie\/#breadcrumb\"},\"inLanguage\":\"en-US\",\"potentialAction\":[{\"@type\":\"ReadAction\",\"target\":[\"https:\/\/raportfuture.pl\/o-mnie\/\"]}]},{\"@type\":\"BreadcrumbList\",\"@id\":\"https:\/\/raportfuture.pl\/o-mnie\/#breadcrumb\",\"itemListElement\":[{\"@type\":\"ListItem\",\"position\":1,\"name\":\"Home\",\"item\":\"https:\/\/raportfuture.pl\/\"},{\"@type\":\"ListItem\",\"position\":2,\"name\":\"O mnie\"}]},{\"@type\":\"WebSite\",\"@id\":\"https:\/\/raportfuture.pl\/#website\",\"url\":\"https:\/\/raportfuture.pl\/\",\"name\":\"Raport Future\",\"description\":\"Katarzyna Syr\u00f3wka\",\"publisher\":{\"@id\":\"https:\/\/raportfuture.pl\/#organization\"},\"potentialAction\":[{\"@type\":\"SearchAction\",\"target\":{\"@type\":\"EntryPoint\",\"urlTemplate\":\"https:\/\/raportfuture.pl\/?s={search_term_string}\"},\"query-input\":\"required name=search_term_string\"}],\"inLanguage\":\"en-US\"},{\"@type\":\"Organization\",\"@id\":\"https:\/\/raportfuture.pl\/#organization\",\"name\":\"Raport Future\",\"url\":\"https:\/\/raportfuture.pl\/\",\"sameAs\":[],\"logo\":{\"@type\":\"ImageObject\",\"inLanguage\":\"en-US\",\"@id\":\"https:\/\/raportfuture.pl\/#\/schema\/logo\/image\/\",\"url\":\"https:\/\/raportfuture.pl\/wp-content\/uploads\/2023\/03\/cropped-Zasob-1@3x.png\",\"contentUrl\":\"https:\/\/raportfuture.pl\/wp-content\/uploads\/2023\/03\/cropped-Zasob-1@3x.png\",\"width\":432,\"height\":86,\"caption\":\"Raport Future\"},\"image\":{\"@id\":\"https:\/\/raportfuture.pl\/#\/schema\/logo\/image\/\"}}]}<\/script>\n<!-- \/ Yoast SEO plugin. -->","yoast_head_json":{"title":"O mnie - Raport Future","robots":{"index":"index","follow":"follow","max-snippet":"max-snippet:-1","max-image-preview":"max-image-preview:large","max-video-preview":"max-video-preview:-1"},"canonical":"https:\/\/raportfuture.pl\/en\/o-mnie\/","og_locale":"en_US","og_type":"article","og_title":"O mnie - Raport Future","og_description":"Nazywam si\u0119 Kasia Syr\u00f3wka Jestem akredytowan\u0105 mentork\u0105 rozwoju talent\u00f3w i drogi zawodowej z akredytacj\u0105 EMCC na poziomie Practitioner level\u00ae\ufe0f oraz certyfikowanym Coach Gallupa\u00ae\ufe0f, a tak\u017ce facylitatork\u0105 modelowania stanowiska pracy, metodyki Job Crafting. Jednocze\u015bnie jestem praktykiem biznesu z ponad 25-letnim do\u015bwiadczeniem w zarz\u0105dzaniu strategicznym, sprzeda\u017cy i konsultingu biznesowym. Do\u015bwiadczenie zdobywa\u0142am w ma\u0142ych i \u015brednich firmach oraz &hellip; O mnie Read More &raquo;","og_url":"https:\/\/raportfuture.pl\/en\/o-mnie\/","og_site_name":"Raport Future","article_modified_time":"2022-09-13T14:08:42+00:00","og_image":[{"url":"https:\/\/raportfuture.pl\/wp-content\/uploads\/2022\/09\/IMG_5950_zdjecie-Kasia_do-SM-1024x1024.jpg"}],"twitter_card":"summary_large_image","twitter_misc":{"Est. reading time":"2 minutes"},"schema":{"@context":"https:\/\/schema.org","@graph":[{"@type":"WebPage","@id":"https:\/\/raportfuture.pl\/o-mnie\/","url":"https:\/\/raportfuture.pl\/o-mnie\/","name":"O mnie - Raport Future","isPartOf":{"@id":"https:\/\/raportfuture.pl\/#website"},"datePublished":"2022-09-13T13:49:57+00:00","dateModified":"2022-09-13T14:08:42+00:00","breadcrumb":{"@id":"https:\/\/raportfuture.pl\/o-mnie\/#breadcrumb"},"inLanguage":"en-US","potentialAction":[{"@type":"ReadAction","target":["https:\/\/raportfuture.pl\/o-mnie\/"]}]},{"@type":"BreadcrumbList","@id":"https:\/\/raportfuture.pl\/o-mnie\/#breadcrumb","itemListElement":[{"@type":"ListItem","position":1,"name":"Home","item":"https:\/\/raportfuture.pl\/"},{"@type":"ListItem","position":2,"name":"O mnie"}]},{"@type":"WebSite","@id":"https:\/\/raportfuture.pl\/#website","url":"https:\/\/raportfuture.pl\/","name":"Raport Future","description":"Katarzyna Syr\u00f3wka","publisher":{"@id":"https:\/\/raportfuture.pl\/#organization"},"potentialAction":[{"@type":"SearchAction","target":{"@type":"EntryPoint","urlTemplate":"https:\/\/raportfuture.pl\/?s={search_term_string}"},"query-input":"required name=search_term_string"}],"inLanguage":"en-US"},{"@type":"Organization","@id":"https:\/\/raportfuture.pl\/#organization","name":"Raport Future","url":"https:\/\/raportfuture.pl\/","sameAs":[],"logo":{"@type":"ImageObject","inLanguage":"en-US","@id":"https:\/\/raportfuture.pl\/#\/schema\/logo\/image\/","url":"https:\/\/raportfuture.pl\/wp-content\/uploads\/2023\/03\/cropped-Zasob-1@3x.png","contentUrl":"https:\/\/raportfuture.pl\/wp-content\/uploads\/2023\/03\/cropped-Zasob-1@3x.png","width":432,"height":86,"caption":"Raport Future"},"image":{"@id":"https:\/\/raportfuture.pl\/#\/schema\/logo\/image\/"}}]}},"_links":{"self":[{"href":"https:\/\/raportfuture.pl\/en\/wp-json\/wp\/v2\/pages\/933","targetHints":{"allow":["GET"]}}],"collection":[{"href":"https:\/\/raportfuture.pl\/en\/wp-json\/wp\/v2\/pages"}],"about":[{"href":"https:\/\/raportfuture.pl\/en\/wp-json\/wp\/v2\/types\/page"}],"author":[{"embeddable":true,"href":"https:\/\/raportfuture.pl\/en\/wp-json\/wp\/v2\/users\/2"}],"replies":[{"embeddable":true,"href":"https:\/\/raportfuture.pl\/en\/wp-json\/wp\/v2\/comments?post=933"}],"version-history":[{"count":35,"href":"https:\/\/raportfuture.pl\/en\/wp-json\/wp\/v2\/pages\/933\/revisions"}],"predecessor-version":[{"id":969,"href":"https:\/\/raportfuture.pl\/en\/wp-json\/wp\/v2\/pages\/933\/revisions\/969"}],"wp:attachment":[{"href":"https:\/\/raportfuture.pl\/en\/wp-json\/wp\/v2\/media?parent=933"}],"curies":[{"name":"wp","href":"https:\/\/api.w.org\/{rel}","templated":true}]}}